{"id":207,"date":"2021-12-22T18:41:47","date_gmt":"2021-12-22T17:41:47","guid":{"rendered":"https:\/\/regala.hotelesrh.com\/207-2\/"},"modified":"2021-12-22T19:10:30","modified_gmt":"2021-12-22T18:10:30","slug":"207-2","status":"publish","type":"page","link":"https:\/\/regala.hotelrhprincesa.com\/en\/","title":{"rendered":""},"content":{"rendered":"\n<div style=\"height:100px\" aria-hidden=\"true\" class=\"wp-block-spacer\"><\/div>\n\n\n<div class=\"bonos-regalo\">\n<style type=\"text\/css\">\n        .wpgv_preview-box .cardDiv,\n        .wpgv-item .wpgv-buy button,\n        .buying-options div.selected,\n        .shipping-options div.selected,\n        .wpgv-buttons .next-button,\n        .wpgv-buttons #paynowbtn {\n            background-color: #000000!important;\n        }\n        .wpgv_preview-box .cardDiv .voucherBottomDiv label, \n        .wpgv-item .wpgv-buy button,\n        .wpgv-buttons .next-button, \n        .wpgv-buttons #paynowbtn,\n        .buying-options div.selected, \n        .shipping-options div.selected,\n        .wpgv_preview-box .cardDiv .voucherBottomDiv .itemtitle,\n        .wpgv_preview-box .cardDiv .voucherBottomDiv .itemdescription,\n        .wpgv_preview-box .cardDiv .voucherBottomDiv .termsCard,\n        .wpgv_preview-box .cardDiv .voucherBottomDiv .voucherSiteInfo a {\n            color:  #ffffff!important;\n        }\n        #wpgv-giftitems.loading:after {\n            content: url(\/wp-content\/plugins\/gift-voucher-pro\/assets\/img\/loader.gif) !important;\n        }\n    <\/style><div class=\"wpgv-giftitem-wrapper\"><form id=\"wpgv-giftitems\" name=\"wpgv_giftitems\" method=\"post\" action=\"https:\/\/regala.hotelrhprincesa.com\/en\/wp-json\/wp\/v2\/pages\/207\/\" enctype=\"multipart\/form-data\">\n        <input type=\"hidden\" name=\"wpgv_giftitems_form_verify\" value=\"ca9291683b\">\n        <input type=\"hidden\" name=\"wpgv_category_id\" id=\"category_id\">\n        <input type=\"hidden\" name=\"wpgv_item_id\" id=\"item_id\">\n        <input type=\"hidden\" name=\"wpgv_total_price\" id=\"total_price\">\n        <input type=\"hidden\" name=\"item_pdf_price\" id=\"item_pdf_price\">\n        <input type=\"hidden\" name=\"wpgv_website_commission_price\" id=\"website_commission_price\" data-price=\"0\">\n        <div class=\"wpgv-giftitemimage\"><img decoding=\"async\" src=\"\/wp-content\/uploads\/2021\/01\/tarjeta-regalo-v2-1.jpg\"><\/div><div id=\"wpgv-giftitems-step1\" class=\"wpgv-items-wrap\">\n                <div class=\"wpgv-according-categories\"><div class=\"wpgv-according-category\" id=\"itemcat35\">\n                    <div class=\"wpgv-according-title\" data-cat-id=\"35\"><h2>RH Gift Voucher<span><\/span><\/h2><\/div><div class=\"wpgv-items\"><div class=\"wpgv-item\">\n                        <div class=\"wpgv-content\"><h4>RH Gift Card 150\u20ac<\/h4><p>-Pay \u20ac 135 and get an additional \u20ac 15 in Gift Vouchers to enjoy services at the accommodation.\r\nThe RH Gift card is valid for any establishment and can be redeemed within 1 year from the day of purchase. You can reserve your accommodation by contacting our contact center 965853939 and providing your card code. If after 1 year it has not been used, it will be canceled.<\/p><\/div>\n                        <div class=\"wpgv-price\"><span>135.00 \u20ac<\/span><\/div>\n                        <div class=\"wpgv-buy\"><button type=\"button\" data-item-id=\"79\" data-cat-id=\"35\" data-item-price=\"135\">Buy<\/button><\/div>\n                    <\/div><div class=\"wpgv-item\">\n                        <div class=\"wpgv-content\"><h4>RH Gift Card 300\u20ac<\/h4><p>-Pay \u20ac 270 and get an additional \u20ac 30 in Gift Vouchers to enjoy services in the accommodation. The RH Gift card is valid for any establishment and can be redeemed within 1 year from the day of purchase. You can reserve your accommodation by contacting our contact center 965853939 and providing your card code. If after 1 year it has not been used, it will be canceled.<\/p><\/div>\n                        <div class=\"wpgv-price\"><span>270.00 \u20ac<\/span><\/div>\n                        <div class=\"wpgv-buy\"><button type=\"button\" data-item-id=\"101\" data-cat-id=\"35\" data-item-price=\"270\">Buy<\/button><\/div>\n                    <\/div><div class=\"wpgv-item\">\n                        <div class=\"wpgv-content\"><h4>RH Gift Card 600\u20ac<\/h4><p>-Pay \u20ac 540 and get an additional \u20ac 60 in Gift Vouchers to enjoy services in the accommodation.\r\nThe RH Gift card is valid for any establishment and can be redeemed within 1 year from the day of purchase. You can reserve your accommodation by contacting our contact center 965853939 and providing your card code. If after 1 year it has not been used, it will be canceled.<\/p><\/div>\n                        <div class=\"wpgv-price\"><span>540.00 \u20ac<\/span><\/div>\n                        <div class=\"wpgv-buy\"><button type=\"button\" data-item-id=\"78\" data-cat-id=\"35\" data-item-price=\"540\">Buy<\/button><\/div>\n                    <\/div><div class=\"wpgv-item\">\n                        <div class=\"wpgv-content\"><h4>RH Gift Card 900\u20ac<\/h4><p>-Pay \u20ac 810 and get an additional \u20ac 90 in Gift Voucher\r\nto enjoy services in the accommodation.\r\nThe RH Gift card card is valid for any establishment and can be redeemed within 1 year from the day of purchase. You can reserve your accommodation by contacting our reservations center 965853939 and providing your card code. If after 1 year it has not been used, it will be canceled.<\/p><\/div>\n                        <div class=\"wpgv-price\"><span>810.00 \u20ac<\/span><\/div>\n                        <div class=\"wpgv-buy\"><button type=\"button\" data-item-id=\"80\" data-cat-id=\"35\" data-item-price=\"810\">Buy<\/button><\/div>\n                    <\/div><div class=\"wpgv-item\">\n                        <div class=\"wpgv-content\"><h4>Gift Card RH 1200\u20ac<\/h4><p>-Pay \u20ac 1080 and get an additional \u20ac 120 in Gift Vouchers to enjoy services in the accommodation.\r\nThe RH Gift card is valid for any establishment and can be redeemed within 1 year from the day of purchase. You can reserve your accommodation by contacting our reservations center 965853939 and providing your card code. If after 1 year it has not been used, it will be canceled.\r\n\r\n<\/p><\/div>\n                        <div class=\"wpgv-price\"><span>1,080.00 \u20ac<\/span><\/div>\n                        <div class=\"wpgv-buy\"><button type=\"button\" data-item-id=\"53\" data-cat-id=\"35\" data-item-price=\"1080\">Buy<\/button><\/div>\n                    <\/div><\/div><\/div><\/div><\/div><div id=\"wpgv-giftitems-step2\" class=\"wpgv-items-wrap\">\n                <div class=\"wpgv-gifttitle\">\n                    <h3><\/h3>\n                    <span><\/span>\n                <\/div>                \n                <div class=\"wpgv-form-fields\">\n                    \n                <\/div>\n                <div class=\"buying-for flex-field\">\n                    <label>Buying For<\/label>\n                    <div class=\"buying-options\">\n                        <div class=\"someone_else selected\" data-value=\"someone_else\">\n                            <img decoding=\"async\" src=\"https:\/\/regala.hotelrhprincesa.com\/wp-content\/plugins\/gift-voucher-pro\/assets\/img\/giftbox.png\">\n                            <span>Someone Else<\/span>\n                        <\/div>\n                        <div class=\"yourself\" data-value=\"yourself\">\n                            <img decoding=\"async\" src=\"https:\/\/regala.hotelrhprincesa.com\/wp-content\/plugins\/gift-voucher-pro\/assets\/img\/users.png\">\n                            <span>Yourself<\/span>\n                        <\/div>\n                    <\/div>\n                    <input type=\"hidden\" name=\"buying_for\" id=\"buying_for\" value=\"someone_else\">\n                <\/div>\n                <div class=\"wpgv-form-fields\" id=\"wpgv-your_name\">\n                    <label for=\"your_name\">Your Name<\/label>\n                    <span class=\"error\">Your name is required<\/span>\n                    <input type=\"text\" name=\"your_name\" id=\"your_name\" class=\"form-field\">\n                <\/div>\n                <div class=\"wpgv-form-fields\" id=\"wpgv-recipient_name\">\n                    <label for=\"receipt_email\">Recipient Name<\/label>\n                    <span class=\"error\">Recipient name is required<\/span>\n                    <input type=\"text\" name=\"recipient_name\" id=\"recipient_name\" class=\"form-field\" \/>\n                <\/div>\n                <div class=\"wpgv-form-fields\" id=\"wpgv-your_postal_code\">\n                    <label for=\"your_postal_code\">C\u00f3digo postal (opcional)<\/label>\n                    <input type=\"text\" name=\"your_postal_code\" id=\"your_postal_code\" class=\"form-field\">\n                <\/div>\n                <div class=\"wpgv-form-fields\" id=\"wpgv-your_phone\">\n                    <label for=\"your_phone\">Tel\u00e9fono (opcional)<\/label>\n                    <input type=\"text\" name=\"your_phone\" id=\"your_phone\" class=\"form-field\">\n                <\/div>\n                <div class=\"wpgv-form-fields\" id=\"wpgv-message\">\n                    <label for=\"message\">Personal Message (Optional) (Max: 250 Characters)<\/label>\n                    <span class=\"error\">Please enter no more than 250 characters.<\/span>\n                    <textarea name=\"message\" id=\"message\" class=\"form-field\" maxlength=\"250\"><\/textarea>\n                    <div class=\"maxchar\"><\/div>\n                <\/div>\n                <div class=\"wpgv-buttons\">\n                    <button type=\"button\" data-next=\"step3\" class=\"next-button\">Continue<\/button>\n                    <span class=\"back-button\" data-prev=\"step1\">Back<\/span>\n                <\/div>\n            <\/div><div id=\"wpgv-giftitems-step3\" class=\"wpgv-items-wrap\">\n                <input type=\"hidden\" name=\"shipping\" id=\"shipping\" value=\"shipping_as_email\">\n                <div class=\"wpgv-form-fields\" id=\"wpgv-shipping_email\">\n                    <label>Send the voucher to recipient email here<\/label>\n                    <span class=\"error\">Required<\/span>\n                    <input type=\"email\" name=\"shipping_email\" id=\"shipping_email\" class=\"form-field\">\n                <\/div>\n                <div class=\"wpgv-form-fields\" id=\"wpgv-receipt_email\">\n                    <label>Your email address (for the receipt)<\/label>\n                    <span class=\"error\">Your email address is required<\/span>\n                    <input type=\"email\" name=\"receipt_email\" id=\"receipt_email\" class=\"form-field\">\n                <\/div><div class=\"order_details_preview\">\n                    <h3>Your Order<\/h3>\n                    <div class=\"wpgv_preview_box\">\n                        <div>\n                            <h4 class=\"wpgv-itemtitle\">-<\/h4>\n                            <span>Your Name: <i id=\"autoyourname\"><\/i><\/span>\n                        <\/div>\n                        <div id=\"itemprice\"> <span><\/span> \u20ac<\/div>\n                    <\/div><div class=\"preview-box\"><button type=\"button\" id=\"itempreview\" data-url=\"https:\/\/regala.hotelrhprincesa.com\/gift-item-pdf-preview\/?action=preview&nonce=ca9291683b\">Show Preview as PDF<\/button><\/div><\/div>\n                <div class=\"wpgv-form-fields paymentcount1\" id=\"wpgv_payment_gateway\">\n                    <label>Payment Method<\/label>\n                    <select name=\"payemnt_gateway\" id=\"payemnt_gateway\" class=\"form-field\"><option value=\"Stripe\">Pago con tarjeta<\/option><\/select>\n                <\/div>\n                <div class=\"acceptVoucherTerms\">\n                    <label><input type=\"checkbox\" class=\"required\" name=\"acceptVoucherTerms\"> Acepto los <a class=\"abrir-popup-legal\">t\u00e9rminos y condiciones<\/a> y la <a class=\"abrir-popup-privacidad\">pol\u00edtica de privacidad<\/a><\/label>\n                <\/div>\n                <div class=\"voucherNote\">Las reservas deber\u00e1n realizarse con al menos 5 d\u00edas de antelaci\u00f3n a la llegada (de lunes a domingo) poni\u00e9ndose en contacto con nuestro restaurante en el +34 965 270 874 en el horario de lunes a domingo de 11.00hrs a 13:00hrs y de 16:00 a 19:00hrs<\/div>\n                <div class=\"wpgv-buttons\">\n                    <button type=\"button\" data-next=\"step4\" id=\"paynowbtn\" data-url=\"action=wpgv_doajax_item_pdf_save_func&nonce=ca9291683b\">Pay Now<\/button>\n                    <span data-prev=\"step2\" class=\"back-button\">Back<\/span>\n                <\/div>\n            <\/div><\/form><div class=\"wpgv_preview-box wpgvstyle1\">\n                <div class=\"cardDiv\">\n                    <div class=\"cardImgTop\">\n                        <img decoding=\"async\" class=\"uk-thumbnail\" src=\"\/wp-content\/uploads\/2021\/01\/tarjeta-regalo-v2-1.jpg\">\n                    <\/div>\n                    <div class=\"voucherBottomDiv\">\n                        <h2 class=\"itemtitle\"><\/h2>\n                        <p class=\"itemdescription\"><\/p>\n                        <div class=\"uk-form-row\">\n                            <div class=\"nameFormLeft nombre\">\n                                <label>Your Name<\/label>\n                                <input type=\"text\" name=\"forNameCard\" class=\"forNameCard\" readonly>\n                            <\/div>\n                            <div class=\"nameFormRight\">\n                                <label>Recipient Name<\/label>\n                                <input type=\"text\" name=\"fromNameCard\" class=\"fromNameCard\" readonly>\n                            <\/div>\n                            <div class=\"voucherValueForm\">\n                        <label>Voucher Value<\/label>\n                        <span class=\"currencySymbol\"> \u20ac <\/span>\n                        <input type=\"text\" name=\"voucherValueCard\" class=\"voucherValueCard\" readonly>\n                    <\/div>\n                            \n                            <div class=\"messageForm\">\n                                <label>Personal Message<\/label>\n                                <textarea name=\"personalMessageCard\" class=\"personalMessageCard\" readonly><\/textarea>\n                            <\/div>\n                            <div class=\"expiryFormLeft\">\n                                <label>Date of Expiry<\/label>\n                                <input type=\"text\" name=\"expiryCard\" class=\"expiryCard\" value=\"13\/05\/2027\n\" readonly>\n                            <\/div>\n                            <div class=\"codeFormRight\">\n                                <label>C\u00f3digo regala RH<\/label>\n                                <input type=\"text\" name=\"codeCard\" class=\"codeCard\" readonly value=\"6234256841004311\">\n                            <\/div>\n                            <div class=\"clearfix\"><\/div>\n                            <div class=\"voucherSiteInfo\">Las reservas deber\u00e1n realizarse con al menos 5 d\u00edas de antelaci\u00f3n a la llegada (de lunes a domingo) poni\u00e9ndose en contacto con nuestro restaurante en el +34 965 270 874 en el horario de lunes a domingo de 11.00hrs a 13:00hrs y de 16:00 a 19:00hrs<\/div>\n                            <div class=\"termsCard\">*    <\/div>\n                        <\/div>\n                    <\/div>\n                <\/div>\n        <\/div><\/div><style>.wpgv_preview-box .cardDiv .voucherBottomDiv .itemdescription {\r\n    text-align: center;\r\n    font-size: 12px;\r\n    line-height: 1.3;\r\n    display: none;\r\n}<\/style>\n<\/div>\n","protected":false},"excerpt":{"rendered":"","protected":false},"author":1,"featured_media":0,"parent":0,"menu_order":0,"comment_status":"closed","ping_status":"closed","template":"","meta":{"footnotes":""},"class_list":["post-207","page","type-page","status-publish","hentry"],"_links":{"self":[{"href":"https:\/\/regala.hotelrhprincesa.com\/en\/wp-json\/wp\/v2\/pages\/207"}],"collection":[{"href":"https:\/\/regala.hotelrhprincesa.com\/en\/wp-json\/wp\/v2\/pages"}],"about":[{"href":"https:\/\/regala.hotelrhprincesa.com\/en\/wp-json\/wp\/v2\/types\/page"}],"author":[{"embeddable":true,"href":"https:\/\/regala.hotelrhprincesa.com\/en\/wp-json\/wp\/v2\/users\/1"}],"replies":[{"embeddable":true,"href":"https:\/\/regala.hotelrhprincesa.com\/en\/wp-json\/wp\/v2\/comments?post=207"}],"version-history":[{"count":2,"href":"https:\/\/regala.hotelrhprincesa.com\/en\/wp-json\/wp\/v2\/pages\/207\/revisions"}],"predecessor-version":[{"id":228,"href":"https:\/\/regala.hotelrhprincesa.com\/en\/wp-json\/wp\/v2\/pages\/207\/revisions\/228"}],"wp:attachment":[{"href":"https:\/\/regala.hotelrhprincesa.com\/en\/wp-json\/wp\/v2\/media?parent=207"}],"curies":[{"name":"wp","href":"https:\/\/api.w.org\/{rel}","templated":true}]}}